{"id":16,"date":"2023-01-29T08:41:03","date_gmt":"2023-01-29T08:41:03","guid":{"rendered":"https:\/\/arendus.magilex.ee\/?page_id=16"},"modified":"2023-02-04T17:57:08","modified_gmt":"2023-02-04T17:57:08","slug":"lahendused","status":"publish","type":"page","link":"https:\/\/arendus.magilex.ee\/en\/lahendused\/","title":{"rendered":"Tour"},"content":{"rendered":"<p>[et_pb_section fb_built=&#8221;1&#8243; admin_label=&#8221;HEADER&#8221; _builder_version=&#8221;4.19.5&#8243; _module_preset=&#8221;default&#8221; background_color=&#8221;#0066FF&#8221; background_enable_pattern_style=&#8221;on&#8221; background_pattern_style=&#8221;zig-zag-2&#8243; background_pattern_color=&#8221;rgba(234,234,234,0.09)&#8221; hover_enabled=&#8221;0&#8243; locked=&#8221;off&#8221; global_colors_info=&#8221;{}&#8221; custom_padding=&#8221;100px||100px||true|false&#8221; sticky_enabled=&#8221;0&#8243;][et_pb_row column_structure=&#8221;1_2,1_2&#8243; use_custom_gutter=&#8221;on&#8221; gutter_width=&#8221;3&#8243; _builder_version=&#8221;4.19.5&#8243; _module_preset=&#8221;default&#8221; global_colors_info=&#8221;{}&#8221; custom_css_main_element_last_edited=&#8221;on|tablet&#8221; custom_css_main_element_tablet=&#8221;width: 90% !important;&#8221; custom_css_main_element_phone=&#8221;width: 90% !important;&#8221;][et_pb_column type=&#8221;1_2&#8243; _builder_version=&#8221;4.19.5&#8243; _module_preset=&#8221;default&#8221; global_colors_info=&#8221;{}&#8221;][et_pb_text _builder_version=&#8221;4.19.5&#8243; _module_preset=&#8221;default&#8221; header_text_align=&#8221;left&#8221; header_text_color=&#8221;#FFFFFF&#8221; header_font_size=&#8221;40px&#8221; custom_margin=&#8221;||-4px||false|false&#8221; custom_padding=&#8221;0px||0px||true|false&#8221; global_colors_info=&#8221;{}&#8221;]<\/p>\n<h1>See solutions<\/h1>\n<p>[\/et_pb_text][\/et_pb_column][et_pb_column type=&#8221;1_2&#8243; _builder_version=&#8221;4.19.5&#8243; _module_preset=&#8221;default&#8221; global_colors_info=&#8221;{}&#8221;][et_pb_text _builder_version=&#8221;4.19.5&#8243; _module_preset=&#8221;default&#8221; text_text_color=&#8221;#FFFFFF&#8221; custom_margin=&#8221;||22px|||&#8221; custom_padding=&#8221;0px||||false|false&#8221; global_colors_info=&#8221;{}&#8221;]<\/p>\n<div>\n<div>\n<p>See how it is possible to solve legal issues faster, more conveniently and at an affordable price.<\/p>\n<\/div>\n<\/div>\n<div class=\"et_pb_button_module_wrapper et_pb_button_0_wrapper et_pb_button_alignment_center et_pb_module\"><\/div>\n<p>[\/et_pb_text][et_pb_button button_url=&#8221;@ET-DC@eyJkeW5hbWljIjp0cnVlLCJjb250ZW50IjoicG9zdF9saW5rX3VybF9wYWdlIiwic2V0dGluZ3MiOnsicG9zdF9pZCI6IjQ3NyJ9fQ==@&#8221; button_text=&#8221;k\u00fcsi pakkumist&#8221; button_alignment=&#8221;left&#8221; _builder_version=&#8221;4.19.5&#8243; _dynamic_attributes=&#8221;button_url&#8221; _module_preset=&#8221;default&#8221; custom_padding=&#8221;||||false|false&#8221; global_colors_info=&#8221;{}&#8221;][\/et_pb_button][\/et_pb_column][\/et_pb_row][\/et_pb_section][et_pb_section fb_built=&#8221;1&#8243; admin_label=&#8221;\u00d5IGUSABI&#8221; _builder_version=&#8221;4.19.5&#8243; _module_preset=&#8221;default&#8221; locked=&#8221;off&#8221; global_colors_info=&#8221;{}&#8221;][et_pb_row column_structure=&#8221;2_5,3_5&#8243; use_custom_gutter=&#8221;on&#8221; gutter_width=&#8221;3&#8243; _builder_version=&#8221;4.19.5&#8243; _module_preset=&#8221;default&#8221; global_colors_info=&#8221;{}&#8221; custom_css_main_element_last_edited=&#8221;on|tablet&#8221; custom_css_main_element_tablet=&#8221;width: 90% !important;&#8221; custom_css_main_element_phone=&#8221;width: 90% !important;&#8221;][et_pb_column type=&#8221;2_5&#8243; _builder_version=&#8221;4.19.5&#8243; _module_preset=&#8221;default&#8221; global_colors_info=&#8221;{}&#8221;][et_pb_image src=&#8221;https:\/\/arendus.magilex.ee\/wp-content\/uploads\/2023\/02\/Legal-services-1.jpg&#8221; alt=&#8221;Modern architectural details&#8221; title_text=&#8221;Legal-services-1&#8243; disabled_on=&#8221;on|on|off&#8221; _builder_version=&#8221;4.19.5&#8243; _module_preset=&#8221;default&#8221; filter_saturate=&#8221;0%&#8221; hover_enabled=&#8221;0&#8243; border_width_all=&#8221;1px&#8221; border_color_all=&#8221;#000000&#8243; global_colors_info=&#8221;{}&#8221; sticky_enabled=&#8221;0&#8243;][\/et_pb_image][\/et_pb_column][et_pb_column type=&#8221;3_5&#8243; _builder_version=&#8221;4.19.5&#8243; _module_preset=&#8221;default&#8221; global_colors_info=&#8221;{}&#8221;][et_pb_text _builder_version=&#8221;4.19.5&#8243; _module_preset=&#8221;default&#8221; custom_margin=&#8221;||11px|||&#8221; global_colors_info=&#8221;{}&#8221;]<\/p>\n<h2>Legal advice<\/h2>\n<p>[\/et_pb_text][et_pb_text _builder_version=&#8221;4.19.5&#8243; _module_preset=&#8221;default&#8221; custom_padding=&#8221;||||true|false&#8221; global_colors_info=&#8221;{}&#8221;]<\/p>\n<div class=\"et_pb_module et_pb_text et_pb_text_2  et_pb_text_align_left et_pb_text_align_center-tablet et_pb_bg_layout_light\">\n<div class=\"et_pb_text_inner\">\n<p style=\"text-align: left;\">We offer legal advice and representation mainly in matters related to business and business transactions. We help prepare documents, represent in negotiations and disputes.<\/p>\n<\/div>\n<\/div>\n<p>[\/et_pb_text][et_pb_button button_url=&#8221;@ET-DC@eyJkeW5hbWljIjp0cnVlLCJjb250ZW50IjoicG9zdF9saW5rX3VybF9wYWdlIiwic2V0dGluZ3MiOnsicG9zdF9pZCI6IjQ0NSJ9fQ==@&#8221; button_text=&#8221;Vaata&#8221; _builder_version=&#8221;4.19.5&#8243; _dynamic_attributes=&#8221;button_url&#8221; _module_preset=&#8221;default&#8221; custom_button=&#8221;on&#8221; button_text_color=&#8221;#000000&#8243; button_bg_color=&#8221;#FFFFFF&#8221; button_border_color=&#8221;#000000&#8243; button_use_icon=&#8221;off&#8221; global_colors_info=&#8221;{}&#8221; button_border_color__hover_enabled=&#8221;off|desktop&#8221;][\/et_pb_button][\/et_pb_column][\/et_pb_row][\/et_pb_section][et_pb_section fb_built=&#8221;1&#8243; admin_label=&#8221;\u00d5IGUSTOOTED&#8221; _builder_version=&#8221;4.19.5&#8243; _module_preset=&#8221;default&#8221; background_enable_pattern_style=&#8221;on&#8221; background_pattern_style=&#8221;pinwheel&#8221; background_pattern_color=&#8221;rgba(234,234,234,0.25)&#8221; locked=&#8221;off&#8221; global_colors_info=&#8221;{}&#8221;][et_pb_row column_structure=&#8221;3_5,2_5&#8243; use_custom_gutter=&#8221;on&#8221; gutter_width=&#8221;3&#8243; _builder_version=&#8221;4.19.5&#8243; _module_preset=&#8221;default&#8221; global_colors_info=&#8221;{}&#8221; custom_css_main_element_last_edited=&#8221;on|tablet&#8221; custom_css_main_element_tablet=&#8221;width: 90% !important;&#8221; custom_css_main_element_phone=&#8221;width: 90% !important;&#8221;][et_pb_column type=&#8221;3_5&#8243; _builder_version=&#8221;4.19.5&#8243; _module_preset=&#8221;default&#8221; global_colors_info=&#8221;{}&#8221;][et_pb_text _builder_version=&#8221;4.19.5&#8243; _module_preset=&#8221;default&#8221; custom_margin=&#8221;||11px|||&#8221; global_colors_info=&#8221;{}&#8221;]<\/p>\n<h2>legal products<\/h2>\n<p>[\/et_pb_text][et_pb_text _builder_version=&#8221;4.19.5&#8243; _module_preset=&#8221;default&#8221; custom_padding=&#8221;||||true|false&#8221; global_colors_info=&#8221;{}&#8221;]<\/p>\n<div class=\"et_pb_module et_pb_text et_pb_text_2  et_pb_text_align_left et_pb_text_align_center-tablet et_pb_bg_layout_light\">\n<div class=\"et_pb_text_inner\">\n<div class=\"et_pb_module et_pb_text et_pb_text_3  et_pb_text_align_left et_pb_text_align_center-tablet et_pb_bg_layout_light\">\n<div class=\"et_pb_text_inner\">\n<p style=\"text-align: left;\">We offer a legal address and contact person service for companies. We help organize issues related to the establishment of companies, buying and selling and licensing.<\/p>\n<\/div>\n<\/div>\n<\/div>\n<\/div>\n<p>[\/et_pb_text][et_pb_button button_url=&#8221;@ET-DC@eyJkeW5hbWljIjp0cnVlLCJjb250ZW50IjoicG9zdF9saW5rX3VybF9wYWdlIiwic2V0dGluZ3MiOnsicG9zdF9pZCI6IjQ0OSJ9fQ==@&#8221; button_text=&#8221;Vaata&#8221; _builder_version=&#8221;4.19.5&#8243; _dynamic_attributes=&#8221;button_url&#8221; _module_preset=&#8221;default&#8221; custom_button=&#8221;on&#8221; button_text_color=&#8221;#000000&#8243; button_bg_color=&#8221;#FFFFFF&#8221; button_border_color=&#8221;#000000&#8243; button_use_icon=&#8221;off&#8221; global_colors_info=&#8221;{}&#8221;][\/et_pb_button][\/et_pb_column][et_pb_column type=&#8221;2_5&#8243; _builder_version=&#8221;4.19.5&#8243; _module_preset=&#8221;default&#8221; global_colors_info=&#8221;{}&#8221;][et_pb_image src=&#8221;https:\/\/arendus.magilex.ee\/wp-content\/uploads\/2023\/02\/Products-1.jpg&#8221; title_text=&#8221;Products-1&#8243; disabled_on=&#8221;on|on|off&#8221; _builder_version=&#8221;4.19.5&#8243; _module_preset=&#8221;default&#8221; filter_saturate=&#8221;0%&#8221; border_width_all=&#8221;1px&#8221; border_color_all=&#8221;#000000&#8243; global_colors_info=&#8221;{}&#8221; hover_enabled=&#8221;0&#8243; sticky_enabled=&#8221;0&#8243;][\/et_pb_image][\/et_pb_column][\/et_pb_row][\/et_pb_section][et_pb_section fb_built=&#8221;1&#8243; admin_label=&#8221;\u00c4RITEENUSED&#8221; _builder_version=&#8221;4.19.5&#8243; _module_preset=&#8221;default&#8221; locked=&#8221;off&#8221; global_colors_info=&#8221;{}&#8221;][et_pb_row column_structure=&#8221;2_5,3_5&#8243; use_custom_gutter=&#8221;on&#8221; gutter_width=&#8221;3&#8243; _builder_version=&#8221;4.19.5&#8243; _module_preset=&#8221;default&#8221; global_colors_info=&#8221;{}&#8221; custom_css_main_element_last_edited=&#8221;on|tablet&#8221; custom_css_main_element_tablet=&#8221;width: 90% !important;&#8221; custom_css_main_element_phone=&#8221;width: 90% !important;&#8221;][et_pb_column type=&#8221;2_5&#8243; _builder_version=&#8221;4.19.5&#8243; _module_preset=&#8221;default&#8221; global_colors_info=&#8221;{}&#8221;][et_pb_image src=&#8221;https:\/\/arendus.magilex.ee\/wp-content\/uploads\/2023\/02\/Business-service-1.jpg&#8221; title_text=&#8221;Business-service-1&#8243; disabled_on=&#8221;on|on|off&#8221; _builder_version=&#8221;4.19.5&#8243; _module_preset=&#8221;default&#8221; filter_saturate=&#8221;0%&#8221; border_width_all=&#8221;1px&#8221; border_color_all=&#8221;#000000&#8243; global_colors_info=&#8221;{}&#8221; sticky_enabled=&#8221;0&#8243;][\/et_pb_image][\/et_pb_column][et_pb_column type=&#8221;3_5&#8243; _builder_version=&#8221;4.19.5&#8243; _module_preset=&#8221;default&#8221; global_colors_info=&#8221;{}&#8221;][et_pb_text _builder_version=&#8221;4.19.5&#8243; _module_preset=&#8221;default&#8221; custom_margin=&#8221;||11px|||&#8221; global_colors_info=&#8221;{}&#8221;]<\/p>\n<h2>business services<\/h2>\n<p>[\/et_pb_text][et_pb_text _builder_version=&#8221;4.19.5&#8243; _module_preset=&#8221;default&#8221; custom_padding=&#8221;||||true|false&#8221; global_colors_info=&#8221;{}&#8221;]<\/p>\n<div class=\"et_pb_module et_pb_text et_pb_text_2  et_pb_text_align_left et_pb_text_align_center-tablet et_pb_bg_layout_light\">\n<div class=\"et_pb_text_inner\">\n<div class=\"et_pb_module et_pb_text et_pb_text_3  et_pb_text_align_left et_pb_text_align_center-tablet et_pb_bg_layout_light\">\n<div class=\"et_pb_text_inner\">\n<p style=\"text-align: left;\">We offer a legal address and contact person service for companies. We help organize issues related to the establishment of companies, buying and selling and licensing.<\/p>\n<\/div>\n<\/div>\n<\/div>\n<\/div>\n<p>[\/et_pb_text][et_pb_button button_url=&#8221;@ET-DC@eyJkeW5hbWljIjp0cnVlLCJjb250ZW50IjoicG9zdF9saW5rX3VybF9wYWdlIiwic2V0dGluZ3MiOnsicG9zdF9pZCI6IjQ1MSJ9fQ==@&#8221; button_text=&#8221;Vaata&#8221; _builder_version=&#8221;4.19.5&#8243; _dynamic_attributes=&#8221;button_url&#8221; _module_preset=&#8221;default&#8221; custom_button=&#8221;on&#8221; button_text_color=&#8221;#000000&#8243; button_bg_color=&#8221;#FFFFFF&#8221; button_border_color=&#8221;#000000&#8243; button_use_icon=&#8221;off&#8221; global_colors_info=&#8221;{}&#8221;][\/et_pb_button][\/et_pb_column][\/et_pb_row][\/et_pb_section][et_pb_section fb_built=&#8221;1&#8243; admin_label=&#8221;MAGILEX.COM&#8221; _builder_version=&#8221;4.19.5&#8243; _module_preset=&#8221;default&#8221; background_enable_pattern_style=&#8221;on&#8221; background_pattern_color=&#8221;rgba(234,234,234,0.33)&#8221; locked=&#8221;off&#8221; global_colors_info=&#8221;{}&#8221;][et_pb_row column_structure=&#8221;3_5,2_5&#8243; use_custom_gutter=&#8221;on&#8221; _builder_version=&#8221;4.19.5&#8243; _module_preset=&#8221;default&#8221; global_colors_info=&#8221;{}&#8221; custom_css_main_element_last_edited=&#8221;on|tablet&#8221; custom_css_main_element_tablet=&#8221;width: 90% !important;&#8221; custom_css_main_element_phone=&#8221;width: 90% !important;&#8221;][et_pb_column type=&#8221;3_5&#8243; _builder_version=&#8221;4.19.5&#8243; _module_preset=&#8221;default&#8221; global_colors_info=&#8221;{}&#8221;][et_pb_text _builder_version=&#8221;4.19.5&#8243; _module_preset=&#8221;default&#8221; custom_margin=&#8221;||11px|||&#8221; global_colors_info=&#8221;{}&#8221;]<\/p>\n<h2>Self-service portal<\/h2>\n<p>[\/et_pb_text][et_pb_text _builder_version=&#8221;4.19.5&#8243; _module_preset=&#8221;default&#8221; custom_padding=&#8221;||5px||false|false&#8221; global_colors_info=&#8221;{}&#8221; hover_enabled=&#8221;0&#8243; sticky_enabled=&#8221;0&#8243;]<\/p>\n<div class=\"et_pb_module et_pb_text et_pb_text_2  et_pb_text_align_left et_pb_text_align_center-tablet et_pb_bg_layout_light\">\n<div class=\"et_pb_text_inner\">\n<div class=\"et_pb_module et_pb_text et_pb_text_3  et_pb_text_align_left et_pb_text_align_center-tablet et_pb_bg_layout_light\">\n<div class=\"et_pb_text_inner\">\n<p style=\"text-align: left;\"><span>The Magilex web portal is a large and versatile database of legal information with daily updated content, which helps to perform legal actions faster and more conveniently.<\/span><\/p>\n<\/div>\n<\/div>\n<\/div>\n<\/div>\n<p>[\/et_pb_text][et_pb_button button_url=&#8221;@ET-DC@eyJkeW5hbWljIjp0cnVlLCJjb250ZW50IjoicG9zdF9saW5rX3VybF9wYWdlIiwic2V0dGluZ3MiOnsicG9zdF9pZCI6IjQ0NyJ9fQ==@&#8221; button_text=&#8221;Vaata&#8221; _builder_version=&#8221;4.19.5&#8243; _dynamic_attributes=&#8221;button_url&#8221; _module_preset=&#8221;default&#8221; custom_button=&#8221;on&#8221; button_text_color=&#8221;#000000&#8243; button_bg_color=&#8221;#FFFFFF&#8221; button_border_color=&#8221;#000000&#8243; button_use_icon=&#8221;off&#8221; global_colors_info=&#8221;{}&#8221; hover_enabled=&#8221;0&#8243; sticky_enabled=&#8221;0&#8243;][\/et_pb_button][\/et_pb_column][et_pb_column type=&#8221;2_5&#8243; _builder_version=&#8221;4.19.5&#8243; _module_preset=&#8221;default&#8221; global_colors_info=&#8221;{}&#8221;][et_pb_image src=&#8221;https:\/\/arendus.magilex.ee\/wp-content\/uploads\/2023\/02\/Internet-2.jpg&#8221; title_text=&#8221;Internet-2&#8243; disabled_on=&#8221;on|on|off&#8221; _builder_version=&#8221;4.19.5&#8243; _module_preset=&#8221;default&#8221; filter_saturate=&#8221;0%&#8221; border_width_all=&#8221;1px&#8221; global_colors_info=&#8221;{}&#8221; sticky_enabled=&#8221;0&#8243; border_color_all=&#8221;#000000&#8243; filter_brightness=&#8221;96%&#8221; hover_enabled=&#8221;0&#8243;][\/et_pb_image][\/et_pb_column][\/et_pb_row][\/et_pb_section][et_pb_section fb_built=&#8221;1&#8243; admin_label=&#8221;V\u00e4\u00e4rtused&#8221; _builder_version=&#8221;4.19.5&#8243; _module_preset=&#8221;default&#8221; background_color=&#8221;#EAEAEA&#8221; global_module=&#8221;316&#8243; saved_tabs=&#8221;all&#8221; collapsed=&#8221;off&#8221; global_colors_info=&#8221;{}&#8221;][et_pb_row _builder_version=&#8221;4.19.5&#8243; _module_preset=&#8221;default&#8221; global_colors_info=&#8221;{}&#8221; custom_css_main_element_last_edited=&#8221;on|tablet&#8221; custom_css_main_element_tablet=&#8221;width: 90% !important;&#8221; custom_css_main_element_phone=&#8221;width: 90% !important;&#8221;][et_pb_column type=&#8221;4_4&#8243; _builder_version=&#8221;4.19.5&#8243; _module_preset=&#8221;default&#8221; global_colors_info=&#8221;{}&#8221;][et_pb_text _builder_version=&#8221;4.19.5&#8243; _module_preset=&#8221;default&#8221; header_2_font=&#8221;|800|||||||&#8221; global_colors_info=&#8221;{}&#8221; custom_css_main_element_last_edited=&#8221;on|tablet&#8221; custom_css_main_element_tablet=&#8221;width: 90% !important;&#8221; custom_css_main_element_phone=&#8221;width: 90% !important;&#8221;]<\/p>\n<h2>Values<\/h2>\n<p>[\/et_pb_text][\/et_pb_column][\/et_pb_row][et_pb_row column_structure=\u201d1_3,1_3,1_3\u2033 use_custom_gutter=\u201don\u201d _builder_version=\u201d4.19.5\u2033 _module_preset=\u201ddefault\u201d global_colors_info=\u201d{}\u201d custom_css_main_element_last_edited=\u201don |tablet\u201d custom_css_main_element_tablet=\u201dwidth: 90% !important;\u201d custom_css_main_element_phone=\u201dwidth: 90% !important;\u201d][et_pb_column type=\u201d1_3\u2033 _builder_version=\u201d4.19.5\u2033 _module_preset=\u201ddefault\u201d global_colors_info=\u201d{}\u201d][et_pb_image src=\u201dhttps:\/\/arendus.magilex. ee\/wp-content\/uploads\/2023\/02\/Trust-1.jpg\u201d title_text=\u201dTrust-1\u2033 module_class=\u201dpa-image-16-9\u2033 _builder_version=\u201d4.19.5\u2033 _module_preset=\u201ddefault\u201d global_colors_info= \u201d{}\u201d][\/et_pb_image][et_pb_blurb title=\u201dReliability\u201d alt=\u201dModern architectural details\u201d image_icon_width=\u201d100%\u201d content_max_width=\u201d100%\u201d _builder_version=\u201d4.19.5\u2033 _module_preset=\u201ddefault\u201d image_icon_custom_padding=\u201d|| ||false|false\u201d custom_padding=\u201d||||false|false\u201d custom_padding_tablet=\u201d25px||25px||true|false\u201d custom_padding_phone=\u201d\u201d custom_padding_last_edited=\u201don|tablet\u201d animation=\u201doff\u201d border_width_all_image=\u201d2px \u201d border_color_all_image=\u201d#FFFFFF\u201d global_colors_info=\u201d{}\u201d custom_css_main_element_last_edited=\u201don|tablet\u201d custom_css_main_element_tablet=\u201dwidth: 90% !important;\u201d custom_css_main_element_phone=\u201dwidth: 90% !important;\u201d]<\/p>\n<p>We are sincere and honest in our dealings with our customers. We only give advice that we are convinced is correct and useful. If necessary, we help to find a specialist from outside.<\/p>\n<p>[\/et_pb_blurb][\/et_pb_column][et_pb_column type=\u201d1_3\u2033 _builder_version=\u201d4.19.5\u2033 _module_preset=\u201ddefault\u201d global_colors_info=\u201d{}\u201d][et_pb_image src=\u201dhttps:\/\/arendus.magilex.ee\/wp -content\/uploads\/2023\/02\/Speed-1.jpg\u201d title_text=\u201dSpeed-1\u2033 module_class=\u201dpa-image-16-9\u2033 _builder_version=\u201d4.19.5\u2033 _module_preset=\u201ddefault\u201d custom_padding_tablet=\u201d30px| |||false|false\u201d custom_padding_phone=\u201d\u201d custom_padding_last_edited=\u201don|tablet\u201d global_colors_info=\u201d{}\u201d][\/et_pb_image][et_pb_blurb title=\u201dSpeed &amp; Convenience\u201d alt=\u201dCommercial architecture in London\u201d image_icon_width=\u201d100% \u201d content_max_width=\u201d100%\u201d _builder_version=\u201d4.19.5\u2033 _module_preset=\u201ddefault\u201d image_icon_custom_padding=\u201d||||false|false\u201d custom_padding=\u201d||false|false\u201d custom_padding_tablet=\u201d25px||25px||true |false\u201d custom_padding_phone=\u201d\u201d custom_padding_last_edited=\u201don|tablet\u201d animation=\u201doff\u201d border_width_all_image=\u201d2px\u201d border_color_all_image=\u201d#FFFFFF\u201d global_colors_info=\u201d{}\u201d custom_css_main_element_last_edited=\u201don|tablet\u201d custom_css_main_element_tablet=\u201dwidth: 90% !important ;\u201d custom_css_main_element_phone=\u201dwidth: 90% !important;\u201d]<\/p>\n<p>We consider the convenience of the customer when ordering services and the speed of receiving solutions to be important. We respond to inquiries within at least one day and adhere to agreed deadlines.<\/p>\n<p>&nbsp;<\/p>\n<p>[\/et_pb_blurb][\/et_pb_column][et_pb_column type=\u201d1_3\u2033 _builder_version=\u201d4.19.5\u2033 _module_preset=\u201ddefault\u201d global_colors_info=\u201d{}\u201d][et_pb_image src=\u201dhttps:\/\/arendus.magilex.ee\/wp -content\/uploads\/2023\/02\/Money-1.jpg\u201d title_text=\u201dMoney-1\u2033 module_class=\u201dpa-image-16-9\u2033 _builder_version=\u201d4.19.5\u2033 _module_preset=\u201ddefault\u201d global_colors_info=\u201d{} \u201d][\/et_pb_image][et_pb_blurb title=\u201dCosts under control\u201d alt=\u201dGeometric pattern. Bright. Architectural design. Architecture detail.\u201d image_icon_width=\u201d100%\u201d content_max_width=\u201d100%\u201d _builder_version=\u201d4.19.5\u2033 _module_preset=\u201ddefault\u201d image_icon_custom_padding=\u201d||false|false\u201d custom_padding=\u201d||false|false\u201d custom_padding_tablet=\u201d25px|| 25px||true|false\u201d custom_padding_phone=\u201d\u201d custom_padding_last_edited=\u201don|tablet\u201d animation=\u201doff\u201d border_width_all_image=\u201d2px\u201d border_color_all_image=\u201d#FFFFFF\u201d global_colors_info=\u201d{}\u201d custom_css_main_element_last_edited=\u201don|tablet\u201d custom_css_main_element_tablet=\u201dwidth : 90% !important;\u201d custom_css_main_element_phone=\u201dwidth: 90% !important;\u201d]<\/p>\n<p>We consider it important that customers do not have unpleasant surprises during billing. The amount or magnitude of the fee is agreed upon with the client in advance, and the client has the opportunity to review the work report before settlement.<\/p>\n<p>&nbsp;<\/p>\n<p>[\/et_pb_blurb][\/et_pb_column][\/et_pb_row][\/et_pb_section][et_pb_section fb_built=&#8221;1&#8243; _builder_version=&#8221;4.19.5&#8243; _module_preset=&#8221;default&#8221; global_module=&#8221;1076&#8243; global_colors_info=&#8221;{}&#8221;][et_pb_row _builder_version=&#8221;4.19.5&#8243; _module_preset=&#8221;default&#8221; custom_padding=&#8221;|0px||0px|false|true&#8221; global_colors_info=&#8221;{}&#8221; custom_css_main_element_last_edited=&#8221;on|tablet&#8221; custom_css_main_element_tablet=&#8221;width: 90% !important;&#8221; custom_css_main_element_phone=&#8221;width: 90% !important;&#8221;][et_pb_column type=&#8221;4_4&#8243; _builder_version=&#8221;4.19.5&#8243; _module_preset=&#8221;default&#8221; global_colors_info=&#8221;{}&#8221;][et_pb_signup mailchimp_list=&#8221;siimmmm|21533009db&#8221; success_message=&#8221;T\u00e4name!&#8221; title=&#8221;ole kursis uudiste ja s\u00fcndmustega&#8221; button_text=&#8221;Saada&#8221; description=&#8221;<\/p>\n<p>Share your contact information with us and we will sometimes send you notifications about important business-related legal news or developments related to the office.<\/p>\n<p>&#8221; _builder_version=&#8221;4.19.5&#8243; _module_preset=&#8221;default&#8221; header_text_color=&#8221;#000000&#8243; body_text_color=&#8221;#000000&#8243; background_enable_color=&#8221;off&#8221; custom_padding=&#8221;|0px||0px|false|true&#8221; border_radii_fields=&#8221;on|0px|0px|0px|0px&#8221; border_width_all_fields=&#8221;1px&#8221; global_colors_info=&#8221;{}&#8221;][\/et_pb_signup][\/et_pb_column][\/et_pb_row][\/et_pb_section]<\/p>","protected":false},"excerpt":{"rendered":"<p>Vaata lahendusi Vaata, kuidas on v\u00f5imalik \u00f5igusalased k\u00fcsimused lahendada kiiremini, mugavamalt ja taskukohase hinnaga. \u00d5igusn\u00f5ustamine Pakume \u00f5igusalast n\u00f5ustamist ja esindamist peamiselt ettev\u00f5tlusega seotud k\u00fcsimustes ja \u00e4ritehingutes. Aitame koostada dokumente, esindame l\u00e4bir\u00e4\u00e4kimistel ja vaidlustes. \u00f5igustooted Pakume ettev\u00f5tetele juriidilise aadressi ja kontaktisiku teenust. Aitame korraldada \u00e4ri\u00fchingute asutamise, ostu-m\u00fc\u00fcgi ja litsenseerimisega seotud k\u00fcsimusi. \u00e4riteenused Pakume ettev\u00f5tetele juriidilise aadressi [&hellip;]<\/p>","protected":false},"author":1,"featured_media":0,"parent":0,"menu_order":0,"comment_status":"closed","ping_status":"closed","template":"","meta":{"_et_pb_use_builder":"on","_et_pb_old_content":"","_et_gb_content_width":"","footnotes":""},"class_list":["post-16","page","type-page","status-publish","hentry"],"_links":{"self":[{"href":"https:\/\/arendus.magilex.ee\/en\/wp-json\/wp\/v2\/pages\/16","targetHints":{"allow":["GET"]}}],"collection":[{"href":"https:\/\/arendus.magilex.ee\/en\/wp-json\/wp\/v2\/pages"}],"about":[{"href":"https:\/\/arendus.magilex.ee\/en\/wp-json\/wp\/v2\/types\/page"}],"author":[{"embeddable":true,"href":"https:\/\/arendus.magilex.ee\/en\/wp-json\/wp\/v2\/users\/1"}],"replies":[{"embeddable":true,"href":"https:\/\/arendus.magilex.ee\/en\/wp-json\/wp\/v2\/comments?post=16"}],"version-history":[{"count":5,"href":"https:\/\/arendus.magilex.ee\/en\/wp-json\/wp\/v2\/pages\/16\/revisions"}],"predecessor-version":[{"id":1183,"href":"https:\/\/arendus.magilex.ee\/en\/wp-json\/wp\/v2\/pages\/16\/revisions\/1183"}],"wp:attachment":[{"href":"https:\/\/arendus.magilex.ee\/en\/wp-json\/wp\/v2\/media?parent=16"}],"curies":[{"name":"wp","href":"https:\/\/api.w.org\/{rel}","templated":true}]}}