{"id":449,"date":"2023-01-30T21:29:14","date_gmt":"2023-01-30T21:29:14","guid":{"rendered":"https:\/\/arendus.magilex.ee\/?page_id=449"},"modified":"2023-02-04T18:17:40","modified_gmt":"2023-02-04T18:17:40","slug":"tooted","status":"publish","type":"page","link":"https:\/\/arendus.magilex.ee\/en\/tooted\/","title":{"rendered":"Products"},"content":{"rendered":"<p>[et_pb_section fb_built=&#8221;1&#8243; admin_label=&#8221;HEADER&#8221; _builder_version=&#8221;4.19.5&#8243; _module_preset=&#8221;default&#8221; background_color=&#8221;#FFFFFF&#8221; background_enable_image=&#8221;off&#8221; parallax=&#8221;on&#8221; background_enable_pattern_style=&#8221;on&#8221; background_pattern_style=&#8221;crosses&#8221; background_pattern_color=&#8221;rgba(234,234,234,0.09)&#8221; custom_padding=&#8221;||3px||false|false&#8221; locked=&#8221;off&#8221; global_colors_info=&#8221;{}&#8221;][et_pb_row column_structure=&#8221;3_5,2_5&#8243; use_custom_gutter=&#8221;on&#8221; gutter_width=&#8221;3&#8243; _builder_version=&#8221;4.19.5&#8243; _module_preset=&#8221;default&#8221; global_colors_info=&#8221;{}&#8221; custom_css_main_element_last_edited=&#8221;on|tablet&#8221; custom_css_main_element_tablet=&#8221;width: 90% !important;&#8221; custom_css_main_element_phone=&#8221;width: 90% !important;&#8221;][et_pb_column type=&#8221;3_5&#8243; _builder_version=&#8221;4.19.5&#8243; _module_preset=&#8221;default&#8221; global_colors_info=&#8221;{}&#8221;][et_pb_text _builder_version=&#8221;4.19.5&#8243; _module_preset=&#8221;default&#8221; header_text_align=&#8221;left&#8221; header_text_color=&#8221;#000000&#8243; header_font_size=&#8221;40px&#8221; custom_margin=&#8221;||-4px||false|false&#8221; custom_padding=&#8221;0px||0px||true|false&#8221; global_colors_info=&#8221;{}&#8221;]<\/p>\n<h1>Legal products<\/h1>\n<p>[\/et_pb_text][et_pb_text _builder_version=&#8221;4.19.5&#8243; _module_preset=&#8221;default&#8221; text_text_color=&#8221;#000000&#8243; custom_margin=&#8221;||22px|||&#8221; custom_padding=&#8221;0px||||false|false&#8221; global_colors_info=&#8221;{}&#8221;]<\/p>\n<p><span>Legal products have standardized and easily customizable content. This allows us to provide solutions quickly and at an affordable price.<\/span><\/p>\n<p>[\/et_pb_text][et_pb_button button_url=&#8221;@ET-DC@eyJkeW5hbWljIjp0cnVlLCJjb250ZW50IjoicG9zdF9saW5rX3VybF9wYWdlIiwic2V0dGluZ3MiOnsicG9zdF9pZCI6IjQ3NyJ9fQ==@&#8221; button_text=&#8221;k\u00fcsi pakkumist&#8221; button_alignment=&#8221;left&#8221; _builder_version=&#8221;4.19.5&#8243; _dynamic_attributes=&#8221;button_url&#8221; _module_preset=&#8221;default&#8221; custom_padding=&#8221;||||false|false&#8221; global_colors_info=&#8221;{}&#8221;][\/et_pb_button][\/et_pb_column][et_pb_column type=&#8221;2_5&#8243; _builder_version=&#8221;4.19.5&#8243; _module_preset=&#8221;default&#8221; global_colors_info=&#8221;{}&#8221;][et_pb_image src=&#8221;https:\/\/arendus.magilex.ee\/wp-content\/uploads\/2023\/02\/Products-1.jpg&#8221; title_text=&#8221;Products-1&#8243; disabled_on=&#8221;on|on|off&#8221; _builder_version=&#8221;4.19.5&#8243; _module_preset=&#8221;default&#8221; border_width_all=&#8221;1px&#8221; global_colors_info=&#8221;{}&#8221;][\/et_pb_image][\/et_pb_column][\/et_pb_row][\/et_pb_section][et_pb_section fb_built=&#8221;1&#8243; _builder_version=&#8221;4.19.5&#8243; _module_preset=&#8221;default&#8221; hover_enabled=&#8221;0&#8243; global_colors_info=&#8221;{}&#8221; background_enable_pattern_style=&#8221;on&#8221; background_pattern_style=&#8221;triangles&#8221; background_pattern_color=&#8221;rgba(234,234,234,0.14)&#8221; sticky_enabled=&#8221;0&#8243;][et_pb_row column_structure=&#8221;1_3,1_3,1_3&#8243; _builder_version=&#8221;4.19.5&#8243; _module_preset=&#8221;default&#8221; global_colors_info=&#8221;{}&#8221;][et_pb_column type=&#8221;1_3&#8243; _builder_version=&#8221;4.19.5&#8243; _module_preset=&#8221;default&#8221; global_colors_info=&#8221;{}&#8221;][et_pb_blurb title=&#8221;Juhatuse liikme leping&#8221; image=&#8221;data:image\/svg+xml;base64,PHN2ZyB3aWR0aD0iMTA4MCIgaGVpZ2h0PSI1NDAiIHZpZXdCb3g9IjAgMCAxMDgwIDU0MCIgeG1sbnM9Imh0dHA6Ly93d3cudzMub3JnLzIwMDAvc3ZnIj4KICAgIDxnIGZpbGw9Im5vbmUiIGZpbGwtcnVsZT0iZXZlbm9kZCI+CiAgICAgICAgPHBhdGggZmlsbD0iI0VCRUJFQiIgZD0iTTAgMGgxMDgwdjU0MEgweiIvPgogICAgICAgIDxwYXRoIGQ9Ik00NDUuNjQ5IDU0MGgtOTguOTk1TDE0NC42NDkgMzM3Ljk5NSAwIDQ4Mi42NDR2LTk4Ljk5NWwxMTYuMzY1LTExNi4zNjVjMTUuNjItMTUuNjIgNDAuOTQ3LTE1LjYyIDU2LjU2OCAwTDQ0NS42NSA1NDB6IiBmaWxsLW9wYWNpdHk9Ii4xIiBmaWxsPSIjMDAwIiBmaWxsLXJ1bGU9Im5vbnplcm8iLz4KICAgICAgICA8Y2lyY2xlIGZpbGwtb3BhY2l0eT0iLjA1IiBmaWxsPSIjMDAwIiBjeD0iMzMxIiBjeT0iMTQ4IiByPSI3MCIvPgogICAgICAgIDxwYXRoIGQ9Ik0xMDgwIDM3OXYxMTMuMTM3TDcyOC4xNjIgMTQwLjMgMzI4LjQ2MiA1NDBIMjE1LjMyNEw2OTkuODc4IDU1LjQ0NmMxNS42Mi0xNS42MiA0MC45NDgtMTUuNjIgNTYuNTY4IDBMMTA4MCAzNzl6IiBmaWxsLW9wYWNpdHk9Ii4yIiBmaWxsPSIjMDAwIiBmaWxsLXJ1bGU9Im5vbnplcm8iLz4KICAgIDwvZz4KPC9zdmc+Cg==&#8221; _builder_version=&#8221;4.19.5&#8243; _module_preset=&#8221;default&#8221; global_colors_info=&#8221;{}&#8221;]<\/p>\n<p>A board member agreement that meets your needs, which fixes the agreements, rights and obligations in the relationship between the company and the board member.<\/p>\n<p>&nbsp;<\/p>\n<p>[\/et_pb_blurb][\/et_pb_column][et_pb_column type=&#8221;1_3&#8243; _builder_version=&#8221;4.19.5&#8243; _module_preset=&#8221;default&#8221; global_colors_info=&#8221;{}&#8221;][et_pb_blurb title=&#8221;Dokumendi kontroll&#8221; image=&#8221;data:image\/svg+xml;base64,PHN2ZyB3aWR0aD0iMTA4MCIgaGVpZ2h0PSI1NDAiIHZpZXdCb3g9IjAgMCAxMDgwIDU0MCIgeG1sbnM9Imh0dHA6Ly93d3cudzMub3JnLzIwMDAvc3ZnIj4KICAgIDxnIGZpbGw9Im5vbmUiIGZpbGwtcnVsZT0iZXZlbm9kZCI+CiAgICAgICAgPHBhdGggZmlsbD0iI0VCRUJFQiIgZD0iTTAgMGgxMDgwdjU0MEgweiIvPgogICAgICAgIDxwYXRoIGQ9Ik00NDUuNjQ5IDU0MGgtOTguOTk1TDE0NC42NDkgMzM3Ljk5NSAwIDQ4Mi42NDR2LTk4Ljk5NWwxMTYuMzY1LTExNi4zNjVjMTUuNjItMTUuNjIgNDAuOTQ3LTE1LjYyIDU2LjU2OCAwTDQ0NS42NSA1NDB6IiBmaWxsLW9wYWNpdHk9Ii4xIiBmaWxsPSIjMDAwIiBmaWxsLXJ1bGU9Im5vbnplcm8iLz4KICAgICAgICA8Y2lyY2xlIGZpbGwtb3BhY2l0eT0iLjA1IiBmaWxsPSIjMDAwIiBjeD0iMzMxIiBjeT0iMTQ4IiByPSI3MCIvPgogICAgICAgIDxwYXRoIGQ9Ik0xMDgwIDM3OXYxMTMuMTM3TDcyOC4xNjIgMTQwLjMgMzI4LjQ2MiA1NDBIMjE1LjMyNEw2OTkuODc4IDU1LjQ0NmMxNS42Mi0xNS42MiA0MC45NDgtMTUuNjIgNTYuNTY4IDBMMTA4MCAzNzl6IiBmaWxsLW9wYWNpdHk9Ii4yIiBmaWxsPSIjMDAwIiBmaWxsLXJ1bGU9Im5vbnplcm8iLz4KICAgIDwvZz4KPC9zdmc+Cg==&#8221; _builder_version=&#8221;4.19.5&#8243; _module_preset=&#8221;default&#8221; global_colors_info=&#8221;{}&#8221;]<\/p>\n<p>A simple and quick way to mitigate legal risks and\/or make changes.<\/p>\n<p>&nbsp;<\/p>\n<p>[\/et_pb_blurb][\/et_pb_column][et_pb_column type=&#8221;1_3&#8243; _builder_version=&#8221;4.19.5&#8243; _module_preset=&#8221;default&#8221; global_colors_info=&#8221;{}&#8221;][et_pb_blurb title=&#8221;N\u00f5udekiri v\u00f5lgnikule&#8221; image=&#8221;data:image\/svg+xml;base64,PHN2ZyB3aWR0aD0iMTA4MCIgaGVpZ2h0PSI1NDAiIHZpZXdCb3g9IjAgMCAxMDgwIDU0MCIgeG1sbnM9Imh0dHA6Ly93d3cudzMub3JnLzIwMDAvc3ZnIj4KICAgIDxnIGZpbGw9Im5vbmUiIGZpbGwtcnVsZT0iZXZlbm9kZCI+CiAgICAgICAgPHBhdGggZmlsbD0iI0VCRUJFQiIgZD0iTTAgMGgxMDgwdjU0MEgweiIvPgogICAgICAgIDxwYXRoIGQ9Ik00NDUuNjQ5IDU0MGgtOTguOTk1TDE0NC42NDkgMzM3Ljk5NSAwIDQ4Mi42NDR2LTk4Ljk5NWwxMTYuMzY1LTExNi4zNjVjMTUuNjItMTUuNjIgNDAuOTQ3LTE1LjYyIDU2LjU2OCAwTDQ0NS42NSA1NDB6IiBmaWxsLW9wYWNpdHk9Ii4xIiBmaWxsPSIjMDAwIiBmaWxsLXJ1bGU9Im5vbnplcm8iLz4KICAgICAgICA8Y2lyY2xlIGZpbGwtb3BhY2l0eT0iLjA1IiBmaWxsPSIjMDAwIiBjeD0iMzMxIiBjeT0iMTQ4IiByPSI3MCIvPgogICAgICAgIDxwYXRoIGQ9Ik0xMDgwIDM3OXYxMTMuMTM3TDcyOC4xNjIgMTQwLjMgMzI4LjQ2MiA1NDBIMjE1LjMyNEw2OTkuODc4IDU1LjQ0NmMxNS42Mi0xNS42MiA0MC45NDgtMTUuNjIgNTYuNTY4IDBMMTA4MCAzNzl6IiBmaWxsLW9wYWNpdHk9Ii4yIiBmaWxsPSIjMDAwIiBmaWxsLXJ1bGU9Im5vbnplcm8iLz4KICAgIDwvZz4KPC9zdmc+Cg==&#8221; _builder_version=&#8221;4.19.5&#8243; _module_preset=&#8221;default&#8221; global_colors_info=&#8221;{}&#8221;]<\/p>\n<p>In practice, it is more effective if a professional lawyer submits a letter of demand to the debtor instead of the creditor.<\/p>\n<p>&nbsp;<\/p>\n<p>[\/et_pb_blurb][\/et_pb_column][\/et_pb_row][\/et_pb_section][et_pb_section fb_built=&#8221;1&#8243; admin_label=&#8221;V\u00e4\u00e4rtused&#8221; _builder_version=&#8221;4.19.5&#8243; _module_preset=&#8221;default&#8221; background_color=&#8221;#EAEAEA&#8221; global_module=&#8221;316&#8243; saved_tabs=&#8221;all&#8221; collapsed=&#8221;off&#8221; global_colors_info=&#8221;{}&#8221;][et_pb_row _builder_version=&#8221;4.19.5&#8243; _module_preset=&#8221;default&#8221; global_colors_info=&#8221;{}&#8221; custom_css_main_element_last_edited=&#8221;on|tablet&#8221; custom_css_main_element_tablet=&#8221;width: 90% !important;&#8221; custom_css_main_element_phone=&#8221;width: 90% !important;&#8221;][et_pb_column type=&#8221;4_4&#8243; _builder_version=&#8221;4.19.5&#8243; _module_preset=&#8221;default&#8221; global_colors_info=&#8221;{}&#8221;][et_pb_text _builder_version=&#8221;4.19.5&#8243; _module_preset=&#8221;default&#8221; header_2_font=&#8221;|800|||||||&#8221; global_colors_info=&#8221;{}&#8221; custom_css_main_element_last_edited=&#8221;on|tablet&#8221; custom_css_main_element_tablet=&#8221;width: 90% !important;&#8221; custom_css_main_element_phone=&#8221;width: 90% !important;&#8221;]<\/p>\n<h2>Values<\/h2>\n<p>[\/et_pb_text][\/et_pb_column][\/et_pb_row][et_pb_row column_structure=\u201d1_3,1_3,1_3\u2033 use_custom_gutter=\u201don\u201d _builder_version=\u201d4.19.5\u2033 _module_preset=\u201ddefault\u201d global_colors_info=\u201d{}\u201d custom_css_main_element_last_edited=\u201don |tablet\u201d custom_css_main_element_tablet=\u201dwidth: 90% !important;\u201d custom_css_main_element_phone=\u201dwidth: 90% !important;\u201d][et_pb_column type=\u201d1_3\u2033 _builder_version=\u201d4.19.5\u2033 _module_preset=\u201ddefault\u201d global_colors_info=\u201d{}\u201d][et_pb_image src=\u201dhttps:\/\/arendus.magilex. ee\/wp-content\/uploads\/2023\/02\/Trust-1.jpg\u201d title_text=\u201dTrust-1\u2033 module_class=\u201dpa-image-16-9\u2033 _builder_version=\u201d4.19.5\u2033 _module_preset=\u201ddefault\u201d global_colors_info= \u201d{}\u201d][\/et_pb_image][et_pb_blurb title=\u201dReliability\u201d alt=\u201dModern architectural details\u201d image_icon_width=\u201d100%\u201d content_max_width=\u201d100%\u201d _builder_version=\u201d4.19.5\u2033 _module_preset=\u201ddefault\u201d image_icon_custom_padding=\u201d|| ||false|false\u201d custom_padding=\u201d||||false|false\u201d custom_padding_tablet=\u201d25px||25px||true|false\u201d custom_padding_phone=\u201d\u201d custom_padding_last_edited=\u201don|tablet\u201d animation=\u201doff\u201d border_width_all_image=\u201d2px \u201d border_color_all_image=\u201d#FFFFFF\u201d global_colors_info=\u201d{}\u201d custom_css_main_element_last_edited=\u201don|tablet\u201d custom_css_main_element_tablet=\u201dwidth: 90% !important;\u201d custom_css_main_element_phone=\u201dwidth: 90% !important;\u201d]<\/p>\n<p>We are sincere and honest in our dealings with our customers. We only give advice that we are convinced is correct and useful. If necessary, we help to find a specialist from outside.<\/p>\n<p>[\/et_pb_blurb][\/et_pb_column][et_pb_column type=\u201d1_3\u2033 _builder_version=\u201d4.19.5\u2033 _module_preset=\u201ddefault\u201d global_colors_info=\u201d{}\u201d][et_pb_image src=\u201dhttps:\/\/arendus.magilex.ee\/wp -content\/uploads\/2023\/02\/Speed-1.jpg\u201d title_text=\u201dSpeed-1\u2033 module_class=\u201dpa-image-16-9\u2033 _builder_version=\u201d4.19.5\u2033 _module_preset=\u201ddefault\u201d custom_padding_tablet=\u201d30px| |||false|false\u201d custom_padding_phone=\u201d\u201d custom_padding_last_edited=\u201don|tablet\u201d global_colors_info=\u201d{}\u201d][\/et_pb_image][et_pb_blurb title=\u201dSpeed &amp; Convenience\u201d alt=\u201dCommercial architecture in London\u201d image_icon_width=\u201d100% \u201d content_max_width=\u201d100%\u201d _builder_version=\u201d4.19.5\u2033 _module_preset=\u201ddefault\u201d image_icon_custom_padding=\u201d||||false|false\u201d custom_padding=\u201d||false|false\u201d custom_padding_tablet=\u201d25px||25px||true |false\u201d custom_padding_phone=\u201d\u201d custom_padding_last_edited=\u201don|tablet\u201d animation=\u201doff\u201d border_width_all_image=\u201d2px\u201d border_color_all_image=\u201d#FFFFFF\u201d global_colors_info=\u201d{}\u201d custom_css_main_element_last_edited=\u201don|tablet\u201d custom_css_main_element_tablet=\u201dwidth: 90% !important ;\u201d custom_css_main_element_phone=\u201dwidth: 90% !important;\u201d]<\/p>\n<p>We consider the convenience of the customer when ordering services and the speed of receiving solutions to be important. We respond to inquiries within at least one day and adhere to agreed deadlines.<\/p>\n<p>&nbsp;<\/p>\n<p>[\/et_pb_blurb][\/et_pb_column][et_pb_column type=\u201d1_3\u2033 _builder_version=\u201d4.19.5\u2033 _module_preset=\u201ddefault\u201d global_colors_info=\u201d{}\u201d][et_pb_image src=\u201dhttps:\/\/arendus.magilex.ee\/wp -content\/uploads\/2023\/02\/Money-1.jpg\u201d title_text=\u201dMoney-1\u2033 module_class=\u201dpa-image-16-9\u2033 _builder_version=\u201d4.19.5\u2033 _module_preset=\u201ddefault\u201d global_colors_info=\u201d{} \u201d][\/et_pb_image][et_pb_blurb title=\u201dCosts under control\u201d alt=\u201dGeometric pattern. Bright. Architectural design. Architecture detail.\u201d image_icon_width=\u201d100%\u201d content_max_width=\u201d100%\u201d _builder_version=\u201d4.19.5\u2033 _module_preset=\u201ddefault\u201d image_icon_custom_padding=\u201d||false|false\u201d custom_padding=\u201d||false|false\u201d custom_padding_tablet=\u201d25px|| 25px||true|false\u201d custom_padding_phone=\u201d\u201d custom_padding_last_edited=\u201don|tablet\u201d animation=\u201doff\u201d border_width_all_image=\u201d2px\u201d border_color_all_image=\u201d#FFFFFF\u201d global_colors_info=\u201d{}\u201d custom_css_main_element_last_edited=\u201don|tablet\u201d custom_css_main_element_tablet=\u201dwidth : 90% !important;\u201d custom_css_main_element_phone=\u201dwidth: 90% !important;\u201d]<\/p>\n<p>We consider it important that customers do not have unpleasant surprises during billing. The amount or magnitude of the fee is agreed upon with the client in advance, and the client has the opportunity to review the work report before settlement.<\/p>\n<p>&nbsp;<\/p>\n<p>[\/et_pb_blurb][\/et_pb_column][\/et_pb_row][\/et_pb_section][et_pb_section fb_built=&#8221;1&#8243; _builder_version=&#8221;4.19.5&#8243; _module_preset=&#8221;default&#8221; global_module=&#8221;1076&#8243; global_colors_info=&#8221;{}&#8221;][et_pb_row _builder_version=&#8221;4.19.5&#8243; _module_preset=&#8221;default&#8221; custom_padding=&#8221;|0px||0px|false|true&#8221; global_colors_info=&#8221;{}&#8221; custom_css_main_element_last_edited=&#8221;on|tablet&#8221; custom_css_main_element_tablet=&#8221;width: 90% !important;&#8221; custom_css_main_element_phone=&#8221;width: 90% !important;&#8221;][et_pb_column type=&#8221;4_4&#8243; _builder_version=&#8221;4.19.5&#8243; _module_preset=&#8221;default&#8221; global_colors_info=&#8221;{}&#8221;][et_pb_signup mailchimp_list=&#8221;siimmmm|21533009db&#8221; success_message=&#8221;T\u00e4name!&#8221; title=&#8221;ole kursis uudiste ja s\u00fcndmustega&#8221; button_text=&#8221;Saada&#8221; description=&#8221;<\/p>\n<p>Share your contact information with us and we will sometimes send you notifications about important business-related legal news or developments related to the office.<\/p>\n<p>&#8221; _builder_version=&#8221;4.19.5&#8243; _module_preset=&#8221;default&#8221; header_text_color=&#8221;#000000&#8243; body_text_color=&#8221;#000000&#8243; background_enable_color=&#8221;off&#8221; custom_padding=&#8221;|0px||0px|false|true&#8221; border_radii_fields=&#8221;on|0px|0px|0px|0px&#8221; border_width_all_fields=&#8221;1px&#8221; global_colors_info=&#8221;{}&#8221;][\/et_pb_signup][\/et_pb_column][\/et_pb_row][\/et_pb_section]<\/p>","protected":false},"excerpt":{"rendered":"<p>\u00d5igustooted\u00d5igustooted on standardiseeritud ja kergesti kohandatava sisuga. See v\u00f5imaldab pakkuda lahendusi kiiresti ja taskukohase hinnaga.Sinu vajadustele vastav juhatuse liikme leping, mis fikseerib kokkulepped, \u00f5igused ja kohustused ettev\u00f5tte ning juhatuse liikme vahelises suhtes. &nbsp;Lihtne ja kiire viis \u00f5igusalaste riskide maandamiseks ja \/ v\u00f5i muudatuste tegemiseks. &nbsp;Praktikas on m\u00f5juvam, kui v\u00f5lausaldaja asemel esitab v\u00f5lgnikule n\u00f5udekirja professionaalne jurist. [&hellip;]<\/p>","protected":false},"author":1,"featured_media":0,"parent":0,"menu_order":0,"comment_status":"closed","ping_status":"closed","template":"","meta":{"_et_pb_use_builder":"on","_et_pb_old_content":"","_et_gb_content_width":"","footnotes":""},"class_list":["post-449","page","type-page","status-publish","hentry"],"_links":{"self":[{"href":"https:\/\/arendus.magilex.ee\/en\/wp-json\/wp\/v2\/pages\/449","targetHints":{"allow":["GET"]}}],"collection":[{"href":"https:\/\/arendus.magilex.ee\/en\/wp-json\/wp\/v2\/pages"}],"about":[{"href":"https:\/\/arendus.magilex.ee\/en\/wp-json\/wp\/v2\/types\/page"}],"author":[{"embeddable":true,"href":"https:\/\/arendus.magilex.ee\/en\/wp-json\/wp\/v2\/users\/1"}],"replies":[{"embeddable":true,"href":"https:\/\/arendus.magilex.ee\/en\/wp-json\/wp\/v2\/comments?post=449"}],"version-history":[{"count":4,"href":"https:\/\/arendus.magilex.ee\/en\/wp-json\/wp\/v2\/pages\/449\/revisions"}],"predecessor-version":[{"id":1189,"href":"https:\/\/arendus.magilex.ee\/en\/wp-json\/wp\/v2\/pages\/449\/revisions\/1189"}],"wp:attachment":[{"href":"https:\/\/arendus.magilex.ee\/en\/wp-json\/wp\/v2\/media?parent=449"}],"curies":[{"name":"wp","href":"https:\/\/api.w.org\/{rel}","templated":true}]}}