{"id":485,"date":"2023-01-30T21:40:24","date_gmt":"2023-01-30T21:40:24","guid":{"rendered":"https:\/\/arendus.magilex.ee\/?page_id=485"},"modified":"2023-02-04T18:54:34","modified_gmt":"2023-02-04T18:54:34","slug":"uhinguoigus","status":"publish","type":"page","link":"https:\/\/arendus.magilex.ee\/en\/oigusabi\/uhinguoigus\/","title":{"rendered":"Company law"},"content":{"rendered":"<p>[et_pb_section fb_built=&#8221;1&#8243; admin_label=&#8221;HEADER&#8221; _builder_version=&#8221;4.19.5&#8243; _module_preset=&#8221;default&#8221; background_color=&#8221;#FFFFFF&#8221; background_enable_image=&#8221;off&#8221; parallax=&#8221;on&#8221; background_enable_pattern_style=&#8221;on&#8221; background_pattern_style=&#8221;crosses&#8221; background_pattern_color=&#8221;rgba(234,234,234,0.09)&#8221; custom_padding=&#8221;||0px||false|false&#8221; hover_enabled=&#8221;0&#8243; locked=&#8221;off&#8221; global_colors_info=&#8221;{}&#8221; theme_builder_area=&#8221;post_content&#8221; custom_padding_last_edited=&#8221;on|tablet&#8221; sticky_enabled=&#8221;0&#8243; custom_padding_tablet=&#8221;60px||0px||false|false&#8221; custom_padding_phone=&#8221;60px||0px||false|false&#8221;][et_pb_row column_structure=&#8221;3_5,2_5&#8243; use_custom_gutter=&#8221;on&#8221; gutter_width=&#8221;3&#8243; _builder_version=&#8221;4.19.5&#8243; _module_preset=&#8221;default&#8221; hover_enabled=&#8221;0&#8243; global_colors_info=&#8221;{}&#8221; custom_css_main_element_last_edited=&#8221;on|tablet&#8221; custom_css_main_element_tablet=&#8221;width: 90% !important;&#8221; custom_css_main_element_phone=&#8221;width: 90% !important;&#8221; theme_builder_area=&#8221;post_content&#8221; sticky_enabled=&#8221;0&#8243;][et_pb_column type=&#8221;3_5&#8243; _builder_version=&#8221;4.19.5&#8243; _module_preset=&#8221;default&#8221; global_colors_info=&#8221;{}&#8221; theme_builder_area=&#8221;post_content&#8221;][et_pb_text _builder_version=&#8221;4.19.5&#8243; _module_preset=&#8221;default&#8221; header_text_align=&#8221;left&#8221; header_text_color=&#8221;#000000&#8243; header_font_size=&#8221;40px&#8221; custom_margin=&#8221;||-4px||false|false&#8221; custom_padding=&#8221;0px||0px||true|false&#8221; hover_enabled=&#8221;0&#8243; global_colors_info=&#8221;{}&#8221; theme_builder_area=&#8221;post_content&#8221; sticky_enabled=&#8221;0&#8243;]<\/p>\n<h1>Company law<\/h1>\n<p>[\/et_pb_text][et_pb_text _builder_version=&#8221;4.19.5&#8243; _module_preset=&#8221;default&#8221; text_text_color=&#8221;#000000&#8243; custom_margin=&#8221;||22px|||&#8221; custom_padding=&#8221;0px||||false|false&#8221; hover_enabled=&#8221;0&#8243; global_colors_info=&#8221;{}&#8221; theme_builder_area=&#8221;post_content&#8221; sticky_enabled=&#8221;0&#8243;]<\/p>\n<p>We advise entrepreneurs on issues related to daily business, transactions and relations between shareholders<\/p>\n<p>[\/et_pb_text][et_pb_button button_url=&#8221;@ET-DC@eyJkeW5hbWljIjp0cnVlLCJjb250ZW50IjoicG9zdF9saW5rX3VybF9wYWdlIiwic2V0dGluZ3MiOnsicG9zdF9pZCI6IjQ3NyJ9fQ==@&#8221; button_text=&#8221;k\u00fcsi pakkumist&#8221; button_alignment=&#8221;left&#8221; _builder_version=&#8221;4.19.5&#8243; _dynamic_attributes=&#8221;button_url&#8221; _module_preset=&#8221;default&#8221; custom_padding=&#8221;||||false|false&#8221; global_colors_info=&#8221;{}&#8221; theme_builder_area=&#8221;post_content&#8221;][\/et_pb_button][\/et_pb_column][et_pb_column type=&#8221;2_5&#8243; _builder_version=&#8221;4.19.5&#8243; _module_preset=&#8221;default&#8221; global_colors_info=&#8221;{}&#8221; theme_builder_area=&#8221;post_content&#8221;][et_pb_image src=&#8221;https:\/\/arendus.magilex.ee\/wp-content\/uploads\/2023\/02\/Practice-area-6.jpg&#8221; title_text=&#8221;Practice-area-6&#8243; disabled_on=&#8221;on|on|off&#8221; _builder_version=&#8221;4.19.5&#8243; _module_preset=&#8221;default&#8221; hover_enabled=&#8221;0&#8243; border_width_all=&#8221;1px&#8221; global_colors_info=&#8221;{}&#8221; theme_builder_area=&#8221;post_content&#8221; sticky_enabled=&#8221;0&#8243;][\/et_pb_image][\/et_pb_column][\/et_pb_row][\/et_pb_section][et_pb_section fb_built=&#8221;1&#8243; _builder_version=&#8221;4.19.5&#8243; _module_preset=&#8221;default&#8221; background_enable_pattern_style=&#8221;on&#8221; background_pattern_style=&#8221;triangles&#8221; background_pattern_color=&#8221;rgba(234,234,234,0.14)&#8221; hover_enabled=&#8221;0&#8243; global_colors_info=&#8221;{}&#8221; theme_builder_area=&#8221;post_content&#8221; custom_padding_last_edited=&#8221;on|tablet&#8221; sticky_enabled=&#8221;0&#8243; custom_padding_tablet=&#8221;0px||||false|false&#8221; custom_padding_phone=&#8221;0px||||false|false&#8221;][et_pb_row column_structure=&#8221;1_2,1_4,1_4&#8243; _builder_version=&#8221;4.19.5&#8243; _module_preset=&#8221;default&#8221; hover_enabled=&#8221;0&#8243; global_colors_info=&#8221;{}&#8221; theme_builder_area=&#8221;post_content&#8221; custom_css_main_element_last_edited=&#8221;on|tablet&#8221; sticky_enabled=&#8221;0&#8243; custom_css_main_element_tablet=&#8221;width: 90% !important;&#8221; custom_css_main_element_phone=&#8221;width: 90% !important;&#8221;][et_pb_column type=&#8221;1_2&#8243; _builder_version=&#8221;4.19.5&#8243; _module_preset=&#8221;default&#8221; global_colors_info=&#8221;{}&#8221; theme_builder_area=&#8221;post_content&#8221;][et_pb_text _builder_version=&#8221;4.19.5&#8243; _module_preset=&#8221;default&#8221; theme_builder_area=&#8221;post_content&#8221; hover_enabled=&#8221;0&#8243; sticky_enabled=&#8221;0&#8243;]<\/p>\n<h2>Fields<\/h2>\n<p>[\/et_pb_text][et_pb_text _builder_version=&#8221;4.19.5&#8243; _module_preset=&#8221;default&#8221; theme_builder_area=&#8221;post_content&#8221; hover_enabled=&#8221;0&#8243; sticky_enabled=&#8221;0&#8243;]<\/p>\n<ul>\n<li>establishment of companies, branches, representative offices;<\/li>\n<li>corporate secretary service;<\/li>\n<li>transformations and liquidation proceedings;<\/li>\n<li>relations between shareholders and partners;<\/li>\n<li>intra-group transactions;<\/li>\n<li>management responsibility;<\/li>\n<li>hostile takeover and defense strategies;<\/li>\n<li>company management;<\/li>\n<li>economic legal disputes.<\/li>\n<\/ul>\n<p>[\/et_pb_text][\/et_pb_column][et_pb_column type=&#8221;1_4&#8243; _builder_version=&#8221;4.19.5&#8243; _module_preset=&#8221;default&#8221; global_colors_info=&#8221;{}&#8221; theme_builder_area=&#8221;post_content&#8221;][et_pb_text _builder_version=&#8221;4.19.5&#8243; _module_preset=&#8221;default&#8221; theme_builder_area=&#8221;post_content&#8221; hover_enabled=&#8221;0&#8243; sticky_enabled=&#8221;0&#8243;]<\/p>\n<h2>Contact person<\/h2>\n<p>[\/et_pb_text][et_pb_text _builder_version=&#8221;4.19.5&#8243; _module_preset=&#8221;default&#8221; theme_builder_area=&#8221;post_content&#8221; hover_enabled=&#8221;0&#8243; sticky_enabled=&#8221;0&#8243; custom_margin=&#8221;||36px|||&#8221;]<\/p>\n<p><strong>Siim M\u00e4gi<\/strong><br \/>Partner \/ Lawyer<br \/>T. +372 6720 070<br \/>F. +372 6720 071<br \/>E. siim.magi@magilex.ee<\/p>\n<p>[\/et_pb_text][\/et_pb_column][et_pb_column type=&#8221;1_4&#8243; _builder_version=&#8221;4.19.5&#8243; _module_preset=&#8221;default&#8221; global_colors_info=&#8221;{}&#8221; theme_builder_area=&#8221;post_content&#8221;][et_pb_image src=&#8221;https:\/\/arendus.magilex.ee\/wp-content\/uploads\/2023\/02\/Siim-Magi-Magilex-jurist-BW.jpg&#8221; _builder_version=&#8221;4.19.5&#8243; _module_preset=&#8221;default&#8221; theme_builder_area=&#8221;post_content&#8221; title_text=&#8221;Siim-Ma\u0308gi-Magilex-jurist-BW&#8221; hover_enabled=&#8221;0&#8243; sticky_enabled=&#8221;0&#8243;][\/et_pb_image][\/et_pb_column][\/et_pb_row][\/et_pb_section][et_pb_section fb_built=&#8221;1&#8243; admin_label=&#8221;V\u00e4\u00e4rtused&#8221; _builder_version=&#8221;4.19.5&#8243; _module_preset=&#8221;default&#8221; background_color=&#8221;#EAEAEA&#8221; global_module=&#8221;316&#8243; saved_tabs=&#8221;all&#8221; collapsed=&#8221;off&#8221; global_colors_info=&#8221;{}&#8221; theme_builder_area=&#8221;post_content&#8221;][et_pb_row _builder_version=&#8221;4.19.5&#8243; _module_preset=&#8221;default&#8221; global_colors_info=&#8221;{}&#8221; custom_css_main_element_last_edited=&#8221;on|tablet&#8221; custom_css_main_element_tablet=&#8221;width: 90% !important;&#8221; theme_builder_area=&#8221;post_content&#8221; custom_css_main_element_phone=&#8221;width: 90% !important;&#8221;][et_pb_column type=&#8221;4_4&#8243; _builder_version=&#8221;4.19.5&#8243; _module_preset=&#8221;default&#8221; global_colors_info=&#8221;{}&#8221; theme_builder_area=&#8221;post_content&#8221;][et_pb_text _builder_version=&#8221;4.19.5&#8243; _module_preset=&#8221;default&#8221; header_2_font=&#8221;|800|||||||&#8221; global_colors_info=&#8221;{}&#8221; custom_css_main_element_last_edited=&#8221;on|tablet&#8221; custom_css_main_element_tablet=&#8221;width: 90% !important;&#8221; theme_builder_area=&#8221;post_content&#8221; custom_css_main_element_phone=&#8221;width: 90% !important;&#8221;]<\/p>\n<h2>Values<\/h2>\n<p>[\/et_pb_text][\/et_pb_column][\/et_pb_row][et_pb_row column_structure=&#8221;1_3,1_3,1_3&#8243; use_custom_gutter=&#8221;on&#8221; _builder_version=&#8221;4.19.5&#8243; _module_preset=&#8221;default&#8221; global_colors_info=&#8221;{}&#8221; custom_css_main_element_last_edited=&#8221;on|tablet&#8221; custom_css_main_element_tablet=&#8221;width: 90% !important;&#8221; theme_builder_area=&#8221;post_content&#8221; custom_css_main_element_phone=&#8221;width: 90% !important;&#8221;][et_pb_column type=&#8221;1_3&#8243; _builder_version=&#8221;4.19.5&#8243; _module_preset=&#8221;default&#8221; global_colors_info=&#8221;{}&#8221; theme_builder_area=&#8221;post_content&#8221;][et_pb_image src=&#8221;https:\/\/arendus.magilex.ee\/wp-content\/uploads\/2023\/02\/Trust-1.jpg&#8221; title_text=&#8221;Trust-1&#8243; module_class=&#8221;pa-image-16-9&#8243; _builder_version=&#8221;4.19.5&#8243; _module_preset=&#8221;default&#8221; global_colors_info=&#8221;{}&#8221; theme_builder_area=&#8221;post_content&#8221;][\/et_pb_image][et_pb_blurb title=&#8221;Usaldusv\u00e4\u00e4rsus&#8221; alt=&#8221;Modern architectural details&#8221; image_icon_width=&#8221;100%&#8221; content_max_width=&#8221;100%&#8221; _builder_version=&#8221;4.19.5&#8243; _module_preset=&#8221;default&#8221; image_icon_custom_padding=&#8221;||||false|false&#8221; custom_padding=&#8221;||||false|false&#8221; custom_padding_tablet=&#8221;25px||25px||true|false&#8221; custom_padding_phone=&#8221;&#8221; custom_padding_last_edited=&#8221;on|tablet&#8221; animation=&#8221;off&#8221; border_width_all_image=&#8221;2px&#8221; border_color_all_image=&#8221;#FFFFFF&#8221; global_colors_info=&#8221;{}&#8221; custom_css_main_element_last_edited=&#8221;on|tablet&#8221; custom_css_main_element_tablet=&#8221;width: 90% !important;&#8221; theme_builder_area=&#8221;post_content&#8221; custom_css_main_element_phone=&#8221;width: 90% !important;&#8221;]<\/p>\n<p>We are sincere and honest in our dealings with our customers. We only give advice that we are convinced is correct and useful. If necessary, we help to find a specialist from outside.<\/p>\n<p>[\/et_pb_blurb][\/et_pb_column][et_pb_column type=&#8221;1_3&#8243; _builder_version=&#8221;4.19.5&#8243; _module_preset=&#8221;default&#8221; global_colors_info=&#8221;{}&#8221; theme_builder_area=&#8221;post_content&#8221;][et_pb_image src=&#8221;https:\/\/arendus.magilex.ee\/wp-content\/uploads\/2023\/02\/Speed-1.jpg&#8221; title_text=&#8221;Speed-1&#8243; module_class=&#8221;pa-image-16-9&#8243; _builder_version=&#8221;4.19.5&#8243; _module_preset=&#8221;default&#8221; custom_padding_tablet=&#8221;30px||||false|false&#8221; custom_padding_phone=&#8221;&#8221; custom_padding_last_edited=&#8221;on|tablet&#8221; global_colors_info=&#8221;{}&#8221; theme_builder_area=&#8221;post_content&#8221;][\/et_pb_image][et_pb_blurb title=&#8221;Kiirus &#038; mugavus&#8221; alt=&#8221;Commercial architecture in London&#8221; image_icon_width=&#8221;100%&#8221; content_max_width=&#8221;100%&#8221; _builder_version=&#8221;4.19.5&#8243; _module_preset=&#8221;default&#8221; image_icon_custom_padding=&#8221;||||false|false&#8221; custom_padding=&#8221;||||false|false&#8221; custom_padding_tablet=&#8221;25px||25px||true|false&#8221; custom_padding_phone=&#8221;&#8221; custom_padding_last_edited=&#8221;on|tablet&#8221; animation=&#8221;off&#8221; border_width_all_image=&#8221;2px&#8221; border_color_all_image=&#8221;#FFFFFF&#8221; global_colors_info=&#8221;{}&#8221; custom_css_main_element_last_edited=&#8221;on|tablet&#8221; custom_css_main_element_tablet=&#8221;width: 90% !important;&#8221; theme_builder_area=&#8221;post_content&#8221; custom_css_main_element_phone=&#8221;width: 90% !important;&#8221;]<\/p>\n<p>We consider the convenience of the customer when ordering services and the speed of receiving solutions to be important. We respond to inquiries within at least one day and adhere to agreed deadlines.<\/p>\n<p>&nbsp;<\/p>\n<p>[\/et_pb_blurb][\/et_pb_column][et_pb_column type=&#8221;1_3&#8243; _builder_version=&#8221;4.19.5&#8243; _module_preset=&#8221;default&#8221; global_colors_info=&#8221;{}&#8221; theme_builder_area=&#8221;post_content&#8221;][et_pb_image src=&#8221;https:\/\/arendus.magilex.ee\/wp-content\/uploads\/2023\/02\/Money-1.jpg&#8221; title_text=&#8221;Money-1&#8243; module_class=&#8221;pa-image-16-9&#8243; _builder_version=&#8221;4.19.5&#8243; _module_preset=&#8221;default&#8221; global_colors_info=&#8221;{}&#8221; theme_builder_area=&#8221;post_content&#8221;][\/et_pb_image][et_pb_blurb title=&#8221;Kulud kontrolli all&#8221; alt=&#8221;Geometric pattern. Bright. Architecture design. Architecture detail.&#8221; image_icon_width=&#8221;100%&#8221; content_max_width=&#8221;100%&#8221; _builder_version=&#8221;4.19.5&#8243; _module_preset=&#8221;default&#8221; image_icon_custom_padding=&#8221;||||false|false&#8221; custom_padding=&#8221;||||false|false&#8221; custom_padding_tablet=&#8221;25px||25px||true|false&#8221; custom_padding_phone=&#8221;&#8221; custom_padding_last_edited=&#8221;on|tablet&#8221; animation=&#8221;off&#8221; border_width_all_image=&#8221;2px&#8221; border_color_all_image=&#8221;#FFFFFF&#8221; global_colors_info=&#8221;{}&#8221; custom_css_main_element_last_edited=&#8221;on|tablet&#8221; custom_css_main_element_tablet=&#8221;width: 90% !important;&#8221; theme_builder_area=&#8221;post_content&#8221; custom_css_main_element_phone=&#8221;width: 90% !important;&#8221;]<\/p>\n<p>We consider it important that customers do not have unpleasant surprises during billing. The amount or magnitude of the fee is agreed upon with the client in advance, and the client has the opportunity to review the work report before settlement.<\/p>\n<p>&nbsp;<\/p>\n<p>[\/et_pb_blurb][\/et_pb_column][\/et_pb_row][\/et_pb_section][et_pb_section fb_built=&#8221;1&#8243; _builder_version=&#8221;4.19.5&#8243; _module_preset=&#8221;default&#8221; global_module=&#8221;1076&#8243; global_colors_info=&#8221;{}&#8221; theme_builder_area=&#8221;post_content&#8221;][et_pb_row _builder_version=&#8221;4.19.5&#8243; _module_preset=&#8221;default&#8221; custom_padding=&#8221;|0px||0px|false|true&#8221; global_colors_info=&#8221;{}&#8221; custom_css_main_element_last_edited=&#8221;on|tablet&#8221; custom_css_main_element_tablet=&#8221;width: 90% !important;&#8221; custom_css_main_element_phone=&#8221;width: 90% !important;&#8221; theme_builder_area=&#8221;post_content&#8221;][et_pb_column type=&#8221;4_4&#8243; _builder_version=&#8221;4.19.5&#8243; _module_preset=&#8221;default&#8221; global_colors_info=&#8221;{}&#8221; theme_builder_area=&#8221;post_content&#8221;][et_pb_signup mailchimp_list=&#8221;siimmmm|21533009db&#8221; success_message=&#8221;T\u00e4name!&#8221; title=&#8221;ole kursis uudiste ja s\u00fcndmustega&#8221; button_text=&#8221;Saada&#8221; description=&#8221;<\/p>\n<p>Share your contact information with us and we will sometimes send you notifications about important business-related legal news or developments related to the office.<\/p>\n<p>&#8221; _builder_version=&#8221;4.19.5&#8243; _module_preset=&#8221;default&#8221; header_text_color=&#8221;#000000&#8243; body_text_color=&#8221;#000000&#8243; background_enable_color=&#8221;off&#8221; custom_padding=&#8221;|0px||0px|false|true&#8221; border_radii_fields=&#8221;on|0px|0px|0px|0px&#8221; border_width_all_fields=&#8221;1px&#8221; global_colors_info=&#8221;{}&#8221; theme_builder_area=&#8221;post_content&#8221;][\/et_pb_signup][\/et_pb_column][\/et_pb_row][\/et_pb_section]<\/p>","protected":false},"excerpt":{"rendered":"<p>\u00dchingu\u00f5igusN\u00f5ustame ettev\u00f5tjaid igap\u00e4evase \u00e4ritegevusega seotud k\u00fcsimustest, tehingutes ja osanikevaheliste suhetesValdkonnad \u00e4ri\u00fchingute, filiaalide, esinduste asutamine; corporate secretary teenus; \u00fcmberkujundamised ja likvideerimismenetlus; aktsion\u00e4ride ja osanike vahelised suhted; grupisisesed tehingud; juhtkonna vastutus; vaenulik \u00fclev\u00f5tmine ja kaitse strateegiad; \u00e4ri\u00fchingu juhtimine; majandus\u00f5iguslikud kohtuvaidlused. KontaktisikSiim M\u00e4giPartner \/ JuristT. +372 6720 070F. +372 6720 071E. siim.magi@magilex.eeV\u00e4\u00e4rtusedOleme oma klientidega suheldes siirad ja ausad. [&hellip;]<\/p>","protected":false},"author":1,"featured_media":0,"parent":445,"menu_order":0,"comment_status":"closed","ping_status":"closed","template":"","meta":{"_et_pb_use_builder":"on","_et_pb_old_content":"","_et_gb_content_width":"","footnotes":""},"class_list":["post-485","page","type-page","status-publish","hentry"],"_links":{"self":[{"href":"https:\/\/arendus.magilex.ee\/en\/wp-json\/wp\/v2\/pages\/485","targetHints":{"allow":["GET"]}}],"collection":[{"href":"https:\/\/arendus.magilex.ee\/en\/wp-json\/wp\/v2\/pages"}],"about":[{"href":"https:\/\/arendus.magilex.ee\/en\/wp-json\/wp\/v2\/types\/page"}],"author":[{"embeddable":true,"href":"https:\/\/arendus.magilex.ee\/en\/wp-json\/wp\/v2\/users\/1"}],"replies":[{"embeddable":true,"href":"https:\/\/arendus.magilex.ee\/en\/wp-json\/wp\/v2\/comments?post=485"}],"version-history":[{"count":5,"href":"https:\/\/arendus.magilex.ee\/en\/wp-json\/wp\/v2\/pages\/485\/revisions"}],"predecessor-version":[{"id":1202,"href":"https:\/\/arendus.magilex.ee\/en\/wp-json\/wp\/v2\/pages\/485\/revisions\/1202"}],"up":[{"embeddable":true,"href":"https:\/\/arendus.magilex.ee\/en\/wp-json\/wp\/v2\/pages\/445"}],"wp:attachment":[{"href":"https:\/\/arendus.magilex.ee\/en\/wp-json\/wp\/v2\/media?parent=485"}],"curies":[{"name":"wp","href":"https:\/\/api.w.org\/{rel}","templated":true}]}}